{"id":1755,"date":"2018-05-08T10:38:38","date_gmt":"2018-05-08T08:38:38","guid":{"rendered":"http:\/\/www.fondazioneunich.net\/?page_id=1755"},"modified":"2023-11-23T15:09:05","modified_gmt":"2023-11-23T14:09:05","slug":"privacy-policy","status":"publish","type":"page","link":"https:\/\/fondazioneunich.com\/index.php\/privacy-policy\/","title":{"rendered":"PRIVACY POLICY"},"content":{"rendered":"\n<p><span style=\"font-size: 20px;\"><strong>Informativa per trattamento di dati personali \u2013 relativo ai dati di navigazione sul portale della Fondazione Universit\u00e0 Gabriele d\u2019Annunzio<\/strong><\/span><\/p>\n<p style=\"text-align: justify;\">In osservanza al D.Lgs. 30 giugno 2003 n. 196 (Codice Privacy) e e dell\u2019art. 13 Regolamento UE n. 2016\/679 (in seguito, \u201cGDPR\u201d), siamo a fornirLe le dovute informazioni in ordine al trattamento dei dati personali da lei forniti. L\u2019informativa non \u00e8 da considerarsi valida per altri siti web eventualmente consultabili tramite links presenti sui siti internet a dominio del titolare, che non \u00e8 da considerarsi in alcun modo responsabile dei siti internet dei terzi. L\u2019informativa si ispira anche alla Raccomandazione n. 2\/2001 che le autorit\u00e0 europee per la protezione dei dati personali, riunite nel Gruppo istituito dall\u2019art. 29 della direttiva n. 95\/46\/CE, hanno adottato il 17 maggio 2001 per individuare alcuni requisiti minimi per la raccolta di dati personali on-line, e, in particolare, le modalit\u00e0, i tempi e la natura delle informazioni che i titolari del trattamento devono fornire agli utenti quando questi si collegano a pagine web, indipendentemente dagli scopi del collegamento, nonch\u00e9 a quanto previsto dalla Direttiva 2002\/58\/CE, come aggiornata dalla Direttiva 2009\/136\/CE, in materia di Cookie.<\/p>\n<p>\u00a0<\/p>\n<p><strong>1 &#8211; IL \u201cTITOLARE\u201d DEL TRATTAMENTO, in materia di protezione dei dati personali \u00e8 Fondazione Universit\u00e0 Gabriele d\u2019Annunzio &#8211; Via Luigi Polacchi, 11 &#8211; 66100 &#8211; Chieti (CH), nella persona del Presidente dell&#8217;omonima Fondazione.<\/strong><br \/><br \/><br \/><\/p>\n<p><strong>2 &#8211; TIPI DI DATI TRATTATI<\/strong><\/p>\n<p style=\"text-align: justify;\"><strong>Dato personale e identificativo<\/strong><\/p>\n<p style=\"text-align: justify;\">Dato personale, qualunque informazione relativa a persona fisica, identificata o identificabile, anche indirettamente, mediante riferimento a qualsiasi altra informazione, ivi compreso un numero di identificazione personale; Dati identificativi, i dati personali che permettono l\u2019identificazione diretta dell\u2019interessato (quali a titolo esemplificativo nome, cognome, data di nascita, indirizzo, indirizzo e-mail, numero di telefono, ecc\u2026).<\/p>\n<p style=\"text-align: justify;\">\u00a0<\/p>\n<p style=\"text-align: justify;\"><strong>Dati di navigazione<\/strong><\/p>\n<p style=\"text-align: justify;\">I sistemi informatici e le procedure software preposte al funzionamento di questo sito web acquisiscono, nel corso del loro normale esercizio, alcuni dati personali la cui trasmissione \u00e8 implicita nell\u2019uso dei protocolli di comunicazione di Internet. Si tratta di informazioni che non sono raccolte per essere associate a interessati identificati, ma che per loro stessa natura potrebbero, attraverso elaborazioni ed associazioni con dati detenuti da terzi, permettere di identificare gli utenti. In questa categoria di dati rientrano gli indirizzi IP o i nomi a dominio dei computer utilizzati dagli utenti che si connettono al sito, gli indirizzi in notazione URI (Uniform Resource Identifier) delle risorse richieste, l\u2019orario della richiesta, il metodo utilizzato nel sottoporre la richiesta al server, la dimensione del file ottenuto in risposta, il codice numerico indicante lo stato della risposta data dal server (buon fine, errore, ecc.) ed altri parametri relativi al sistema operativo e all\u2019ambiente informatico dell\u2019utente.<\/p>\n<p style=\"text-align: justify;\">\u00a0<\/p>\n<p style=\"text-align: justify;\"><strong>Dati forniti volontariamente dall\u2019utente<\/strong><\/p>\n<p style=\"text-align: justify;\">L\u2019invio facoltativo, esplicito e volontario di posta elettronica agli indirizzi indicati su questo sito e\/o la compilazione di form di raccolta dati, comporta la successiva acquisizione dell\u2019indirizzo del mittente, necessario per rispondere alle richieste, nonch\u00e9 degli eventuali altri dati personali inseriti.<\/p>\n<p style=\"text-align: justify;\">\u00a0<\/p>\n<p style=\"text-align: justify;\"><strong>Cookies<\/strong><\/p>\n<p style=\"text-align: justify;\">Si veda il capitolo cookie policy<\/p>\n<p style=\"text-align: justify;\">\u00a0<\/p>\n<p><strong>3 &#8211; FINALIT\u00c0 DEL TRATTAMENTO<\/strong><\/p>\n<p style=\"text-align: justify;\">I dati di natura personale da Lei volontariamente forniti, saranno oggetto di trattamento per le seguenti finalit\u00e0:<\/p>\n<ol style=\"text-align: justify;\">\n<li>A) \u2013 navigazione sul presente sito internet; \u2013 eventuale richiesta di contatto o informazioni; \u2013 attivit\u00e0 amministrativo-contabili correlate. Ai fini dell\u2019applicazione delle disposizioni in materia di protezione dei dati personali, i trattamenti effettuati per finalit\u00e0 amministrativo-contabili sono quelli connessi allo svolgimento delle attivit\u00e0 di natura organizzativa, amministrativa, finanziaria e contabile, a prescindere dalla natura dei dati trattati. In particolare, perseguono tali finalit\u00e0 le attivit\u00e0 organizzative interne, quelle funzionali della fondazione, alla gestione delle iscrizioni a convegni seminari, corsi, dibattiti, assemblee, incontri ecc.<\/li>\n<\/ol>\n<p style=\"text-align: justify;\">\u00a0<\/p>\n<ol style=\"text-align: justify;\">\n<li>B) attivit\u00e0 di marketing diretto: comunicazione commerciale, promozionale, newsletter, attraverso l\u2019utilizzo di strumenti cartacei e informatici (es. iscrizione a mailing list);<\/li>\n<\/ol>\n<p style=\"text-align: justify;\">\u00a0<\/p>\n<ol style=\"text-align: justify;\">\n<li>C) diffusione: la Fondazione Universit\u00e0 Gabriele d\u2019Annunzio pubblicher\u00e0, previo consenso, sul proprio sito, elenchi brochures e\/o cataloghi il nome, cognome ecc<br \/><br \/><\/li>\n<\/ol>\n<p><strong>4 &#8211; MODALIT\u00c0 DEL TRATTAMENTO \u2013 CONSERVAZIONE<\/strong><\/p>\n<p style=\"text-align: justify;\">Il trattamento sar\u00e0 svolto in forma automatizzata e manuale, con modalit\u00e0 e strumenti volti a garantire la massima sicurezza e riservatezza, ad opera di soggetti di ci\u00f2 appositamente incaricati in ottemperanza a quanto previsto dal Regolamento UE n. 2016\/679. I dati saranno conservati per un periodo non superiore al raggiungimento degli\u00a0 scopi per i quali i dati sono stati raccolti e successivamente trattati.<\/p>\n<p style=\"text-align: justify;\">\u00a0<\/p>\n<p><strong>5 &#8211; AMBITO DI COMUNICAZIONE E DIFFUSIONE<\/strong><\/p>\n<p style=\"text-align: justify;\">I Suoi dati personali, non verranno in nessun caso ceduti a terzi a meno di esplicita richiesta da parte della Fondazione Universit\u00e0 Gabriele d\u2019Annunzio<\/p>\n<p style=\"text-align: justify;\">\u00a0<\/p>\n<p><strong>6 &#8211; NATURA DEL CONFERIMENTO E RIFIUTO<\/strong><\/p>\n<p style=\"text-align: justify;\">A parte quanto specificato per i dati di navigazione, l\u2019utente \u00e8 libero di fornire i dati personali. Il conferimento dei dati contrassegnati con simbolo * \u00e8 obbligatorio al fine di poter inviare informazioni alla Fondazione. L\u2019eventuale rifiuto del conferimento dei dati obbligatori per gli scopi sopra riportati al punto A) comporta l\u2019impossibilit\u00e0 di contattarci. L\u2019eventuale rifiuto del consenso per le finalit\u00e0 illustrate nei punti B), C) e D) sopra riportati, non comporta alcuna conseguenza negativa riguardo alle finalit\u00e0 indicate nel punto A).<\/p>\n<p style=\"text-align: justify;\">\u00a0<\/p>\n<p><strong>7 &#8211; DIRITTO DI ACCESSO AI DATI PERSONALI ED ALTRI DIRITTI<\/strong><\/p>\n<p style=\"text-align: justify;\">Lei potr\u00e0 far valere i propri diritti come espressi dall\u2019art. 7 Codice Privacy e art. 15 GDPR. Rispetto ai suoi dati Lei ha il diritto in qualunque momento di ottenere la conferma dell\u2019esistenza o meno dei medesimi dati e di conoscerne il contenuto e l\u2019origine, verificarne l\u2019esattezza o chiederne l\u2019integrazione o l\u2019aggiornamento, oppure la rettificazione (articolo 7 del Codice in materia di protezione dei dati personali). Ai sensi del medesimo articolo si ha il diritto di chiedere la cancellazione, la trasformazione in forma anonima o il blocco dei dati trattati in violazione di legge, nonch\u00e9 di opporsi in ogni caso, per motivi legittimi, al loro trattamento, inviando una mail all\u2019indirizzo <a href=\"mailto:informatica@fondazioneunich.it\">informatica@fondazioneunich.it<\/a> oppure telefonando al numero 0871.305875. Qualora non voglia essere pi\u00f9 contattato, l\u2019uso dei dati personali cesser\u00e0 immediatamente. Qualora contatti il titolare \u00e8 pregato di fornire l\u2019indirizzo di posta elettronica, il nome, l\u2019indirizzo e\/o i numeri di telefono, al fine di permettere la corretta gestione della richiesta. In caso di iscrizione alla mailing list promozionali, per cancellarsi dalla stessa sar\u00e0 sufficiente scrivere in qualsiasi momento una e-mail all\u2019indirizzo <a href=\"mailto:informatica@fondazioneunich.it\">informatica@fondazioneunich.it<\/a> ovvero per posta all\u2019indirizzo sotto riportato con oggetto \u201ccancellazione mailing list\u201d.<\/p>\n<p style=\"text-align: justify;\">\u00a0<\/p>\n<p><strong>8 &#8211; MODIFICHE ALL&#8217;INFORMATIVA SULLA PRIVACY<\/strong><\/p>\n<p style=\"text-align: justify;\">Il titolare si riserva il diritto di modificare, aggiornare, aggiungere o rimuovere parti della presente informativa sulla privacy a propria discrezione e in qualsiasi momento. Al fine di facilitare tale verifica l\u2019informativa conterr\u00e0 l\u2019indicazione della data di aggiornamento.<\/p>\n<p style=\"text-align: justify;\">\u00a0<\/p>\n<p>Data di aggiornamento: 25 maggio 2018<\/p>\n","protected":false},"excerpt":{"rendered":"<p>Informativa per trattamento di dati personali \u2013 relativo ai dati di navigazione sul portale della Fondazione Universit\u00e0 Gabriele d\u2019Annunzio In osservanza al D.Lgs. 30 giugno 2003 n. 196 (Codice Privacy) e e dell\u2019art. 13&#46;&#46;&#46;<\/p>\n","protected":false},"author":1,"featured_media":0,"parent":0,"menu_order":0,"comment_status":"closed","ping_status":"closed","template":"","meta":{"footnotes":"","_links_to":"","_links_to_target":""},"categories":[],"tags":[],"class_list":["post-1755","page","type-page","status-publish","hentry"],"_links":{"self":[{"href":"https:\/\/fondazioneunich.com\/index.php\/wp-json\/wp\/v2\/pages\/1755","targetHints":{"allow":["GET"]}}],"collection":[{"href":"https:\/\/fondazioneunich.com\/index.php\/wp-json\/wp\/v2\/pages"}],"about":[{"href":"https:\/\/fondazioneunich.com\/index.php\/wp-json\/wp\/v2\/types\/page"}],"author":[{"embeddable":true,"href":"https:\/\/fondazioneunich.com\/index.php\/wp-json\/wp\/v2\/users\/1"}],"replies":[{"embeddable":true,"href":"https:\/\/fondazioneunich.com\/index.php\/wp-json\/wp\/v2\/comments?post=1755"}],"version-history":[{"count":0,"href":"https:\/\/fondazioneunich.com\/index.php\/wp-json\/wp\/v2\/pages\/1755\/revisions"}],"wp:attachment":[{"href":"https:\/\/fondazioneunich.com\/index.php\/wp-json\/wp\/v2\/media?parent=1755"}],"wp:term":[{"taxonomy":"category","embeddable":true,"href":"https:\/\/fondazioneunich.com\/index.php\/wp-json\/wp\/v2\/categories?post=1755"},{"taxonomy":"post_tag","embeddable":true,"href":"https:\/\/fondazioneunich.com\/index.php\/wp-json\/wp\/v2\/tags?post=1755"}],"curies":[{"name":"wp","href":"https:\/\/api.w.org\/{rel}","templated":true}]}}