{"id":3492,"date":"2023-10-13T15:13:22","date_gmt":"2023-10-13T13:13:22","guid":{"rendered":"https:\/\/fondazioneunich.com\/?page_id=3492"},"modified":"2026-03-26T12:39:30","modified_gmt":"2026-03-26T11:39:30","slug":"caputi-sergio","status":"publish","type":"page","link":"https:\/\/fondazioneunich.com\/index.php\/trasparenza\/organizzazione\/titolari-di-incarichi-politici-di-amministrazione-di-direzione-o-di-governo\/caputi-sergio\/","title":{"rendered":"Caputi Sergio"},"content":{"rendered":"<div>\u00a0<\/div>\n<table style=\"border-collapse: collapse;\" border=\"0\" width=\"100%\" cellpadding=\"0\">\n<tbody>\n<tr>\n<td width=\"30%\"><img loading=\"lazy\" decoding=\"async\" src=\"https:\/\/fondazioneunich.com\/wp-content\/uploads\/Sergio_Caputi.jpg\" width=\"300\" height=\"300\" \/><\/td>\n<td width=\"3%\">\u00a0<\/td>\n<td width=\"67%\">\n<p align=\"left\"><span style=\"font-size: 20px;\"><span style=\"font-family: inherit;\">PRESIDENTE<br \/><\/span><strong style=\"font-family: inherit;\">Prof. Sergio Caputi<\/strong><\/span><\/p>\n<\/td>\n<\/tr>\n<\/tbody>\n<\/table>\n<div>\u00a0<\/div>\n<div class=\"entry themeform\">\n<div class=\"entry-inner\">\n<p><span style=\"font-size: 14px;\">Atto di nomina o di proclamazione, con l\u2019indicazione della durata dell\u2019incarico o del mandato elettivo<\/span><\/p>\n<table style=\"border-collapse: collapse; width: 100%; height: 10px;\" border=\"1\" width=\"100%\">\n<tbody>\n<tr style=\"height: 10px;\">\n<td style=\"text-align: left; border-style: solid; border-color: #000000; background-color: #ffffff; height: 10px;\" width=\"50%\"><a href=\"https:\/\/fondazioneunich.com\/wp-content\/uploads\/CAPUTI_DR922_27062023_nomina_presidente_fondazione_Unidav.pdf\"><strong><span style=\"font-size: 16px;\">Atto di Nomina<\/span><\/strong><\/a><\/td>\n<td style=\"text-align: right; border-style: solid; border-color: #000000; background-color: #ffffff; height: 10px;\" width=\"50%\"><span style=\"font-size: 14px;\">2023<\/span><\/td>\n<\/tr>\n<\/tbody>\n<\/table>\n<\/div>\n<\/div>\n<div class=\"entry themeform\">\n<div class=\"entry-inner\">\n<table style=\"border-collapse: collapse; width: 100%; height: 10px;\" border=\"1\" width=\"100%\">\n<tbody>\n<tr style=\"height: 10px;\">\n<td style=\"text-align: left; border-style: solid; border-color: #000000; background-color: #ffffff; height: 10px;\" width=\"50%\"><strong><span style=\"font-size: 16px;\">Curriculum Vitae<\/span><\/strong><\/td>\n<td style=\"text-align: right; border-style: solid; border-color: #000000; background-color: #ffffff; height: 10px;\" width=\"50%\"><span style=\"font-size: 14px;\">2023<\/span><\/td>\n<\/tr>\n<\/tbody>\n<\/table>\n<\/div>\n<\/div>\n<div>\u00a0<\/div>\n<div><span style=\"color: #ffffff;\">.<\/span><\/div>\n<div>\u00a0<\/div>\n<table style=\"border-collapse: collapse; width: 100%; height: 10px;\" border=\"1\" width=\"100%\">\n<tbody>\n<tr style=\"height: 10px;\">\n<td style=\"text-align: left; border-style: solid; border-color: #000000; background-color: #ffffff; height: 10px;\" width=\"50%\"><a href=\"https:\/\/fondazioneunich.com\/wp-content\/uploads\/CAPUTI_Dic_di_inconf_2023.pdf\" target=\"_blank\" rel=\"noopener\"><span style=\"font-size: 16px;\"><strong>Dichiarazione di assenza di situazioni di incompatibilit\u00e0<\/strong><\/span><\/a><\/td>\n<td style=\"text-align: right; border-style: solid; border-color: #000000; background-color: #ffffff; height: 10px;\" width=\"50%\"><span style=\"font-size: 14px;\">2023<\/span><\/td>\n<\/tr>\n<\/tbody>\n<\/table>\n<div>\u00a0<\/div>\n<div>\u00a0<\/div>\n<div><span style=\"color: #ffffff;\">.<\/span><\/div>\n<div class=\"entry themeform\">\n<div>\u00a0<\/div>\n<div class=\"entry-inner\"><span style=\"font-size: 16px;\"><strong>Compensi di qualsiasi natura connessi all&#8217;assunzione della carica<\/strong><\/span><\/div>\n<div>\u00a0<\/div>\n<\/div>\n<table style=\"border-collapse: collapse;\" border=\"1\" width=\"100%\">\n<tbody>\n<tr>\n<td style=\"text-align: left; border-style: solid; border-color: #000000; background-color: #ffffff;\"><span style=\"font-size: 14px;\">Compensi anno 2025<\/span><\/td>\n<td style=\"text-align: right; border-style: solid; border-color: #000000; background-color: #ffffff;\"><span style=\"font-size: 14px;\">37.500 \u20ac<\/span><\/td>\n<\/tr>\n<tr>\n<td style=\"text-align: left; border-style: solid; border-color: #000000; background-color: #ffffff;\"><span style=\"font-size: 14px;\">Compensi anno 2024<\/span><\/td>\n<td style=\"text-align: right; border-style: solid; border-color: #000000; background-color: #ffffff;\"><span style=\"font-size: 14px;\">37.500 \u20ac<\/span><\/td>\n<\/tr>\n<tr>\n<td style=\"text-align: left; border-style: solid; border-color: #000000; background-color: #ffffff;\"><span style=\"font-size: 14px;\">Compensi anno 2023<\/span><\/td>\n<td style=\"text-align: right; border-style: solid; border-color: #000000; background-color: #ffffff;\"><span style=\"font-size: 14px;\">9.375 \u20ac<\/span><\/td>\n<\/tr>\n<\/tbody>\n<\/table>\n<div>\u00a0<\/div>\n<div><span style=\"color: #ffffff;\">.<\/span><\/div>\n<div><span style=\"color: #ffffff;\">.<\/span><\/div>\n<div>\u00a0<\/div>\n<div class=\"entry themeform\">\n<div class=\"entry-inner\">\n<p><span style=\"font-size: 16px;\"><strong>Importi di viaggi di servizio e missioni pagati con fondi pubblici<\/strong><\/span><\/p>\n<table style=\"border-collapse: collapse;\" border=\"1\" width=\"100%\">\n<tbody>\n<tr>\n<td style=\"text-align: left; border-style: solid; border-color: #000000; background-color: #ffffff;\"><span style=\"font-size: 14px;\">Importi di viaggio e\/o missioni anno 2023<\/span><\/td>\n<td style=\"text-align: right; border-style: solid; border-color: #000000; background-color: #ffffff;\"><span style=\"font-size: 14px;\">0 \u20ac<\/span><\/td>\n<\/tr>\n<\/tbody>\n<\/table>\n<\/div>\n<\/div>\n<div>\u00a0<\/div>\n<div><span style=\"color: #ffffff;\">.<\/span><\/div>\n<div><span style=\"color: #ffffff;\">.<\/span><\/div>\n<div class=\"entry themeform\">\n<p><strong><span style=\"font-size: 16px;\">Copia dell\u2019ultima dichiarazione dei redditi soggetti all&#8217;imposta sui redditi delle persone fisiche<\/span><\/strong><\/p>\n<table style=\"border-collapse: collapse; width: 100%; height: 10px;\" border=\"1\" width=\"100%\">\n<tbody>\n<tr style=\"height: 10px;\">\n<td style=\"text-align: left; border-style: solid; border-color: #000000; background-color: #ffffff; height: 10px;\" width=\"50%\"><span style=\"font-size: 14px;\">Persone Fisiche\u00a0<\/span><\/td>\n<td style=\"text-align: right; border-style: solid; border-color: #000000; background-color: #ffffff; height: 10px;\" width=\"50%\"><span style=\"font-size: 14px;\">2023<\/span><\/td>\n<\/tr>\n<tr>\n<td style=\"text-align: left; border-style: solid; border-color: #000000; background-color: #ffffff;\"><span style=\"font-size: 14px;\"><strong>Dichiarazione negato consenso parenti entro il II grado\u00a0<\/strong><\/span><\/td>\n<td style=\"text-align: right; border-style: solid; border-color: #000000; background-color: #ffffff;\">\u00a0<span style=\"font-size: 14px;\">2023<\/span><\/td>\n<\/tr>\n<\/tbody>\n<\/table>\n<\/div>\n<div class=\"entry-inner\">\u00a0<\/div>\n<div><span style=\"color: #ffffff;\">.<\/span><\/div>\n<div><span style=\"color: #ffffff;\">.<\/span><\/div>\n<div>\n<p style=\"text-align: justify;\"><span style=\"font-size: 16px;\"><strong>Dichiarazione concernente diritti reali su beni immobili e su beni mobili iscritti in pubblici registri, titolarit\u00e0 di imprese, azioni di societ\u00e0, quote di partecipazione a societ\u00e0, esercizio di funzioni di amministratore o di sindaco di societ\u00e0, con l\u2019apposizione della formula \u00absul mio onore affermo che la dichiarazione corrisponde al vero\u00bb<\/strong><\/span><\/p>\n<table style=\"border-collapse: collapse; width: 100%; height: 10px;\" border=\"1\" width=\"100%\">\n<tbody>\n<tr style=\"height: 10px;\">\n<td style=\"text-align: left; border-style: solid; border-color: #000000; background-color: #ffffff; height: 10px;\" width=\"50%\"><span style=\"font-size: 14px;\"><strong>Dichiarazione dati patrimoniali<\/strong><\/span><\/td>\n<td style=\"text-align: right; border-style: solid; border-color: #000000; background-color: #ffffff; height: 10px;\" width=\"50%\"><span style=\"font-size: 14px;\">2023<\/span><\/td>\n<\/tr>\n<\/tbody>\n<\/table>\n<\/div>\n<p><span style=\"color: #ffffff;\">.<\/span><\/p>\n<p><span style=\"color: #ffffff;\">.<\/span><\/p>\n<p style=\"text-align: justify;\"><span style=\"font-size: 16px;\"><b>Attestazione concernente le variazioni della situazione patrimoniale intervenute nell&#8217;anno precedente e copia della dichiarazione dei redditi<\/b><\/span><\/p>\n<table style=\"border-collapse: collapse; width: 100%; height: 10px;\" border=\"1\" width=\"100%\">\n<tbody>\n<tr style=\"height: 10px;\">\n<td style=\"text-align: left; border-style: solid; border-color: #000000; background-color: #ffffff; height: 10px;\" width=\"50%\"><span style=\"font-size: 14px;\"><strong>Dichiarazione variazioni dati patrimoniali<\/strong><\/span><\/td>\n<td style=\"text-align: right; border-style: solid; border-color: #000000; background-color: #ffffff; height: 10px;\" width=\"50%\"><span style=\"font-size: 14px;\">2023<\/span><\/td>\n<\/tr>\n<\/tbody>\n<\/table>\n\n\n<p><\/p>\n","protected":false},"excerpt":{"rendered":"<p>\u00a0 \u00a0 PRESIDENTEProf. Sergio Caputi \u00a0 Atto di nomina o di proclamazione, con l\u2019indicazione della durata dell\u2019incarico o del mandato elettivo Atto di Nomina 2023 Curriculum Vitae 2023 \u00a0 . \u00a0 Dichiarazione di assenza&#46;&#46;&#46;<\/p>\n","protected":false},"author":1,"featured_media":0,"parent":1767,"menu_order":0,"comment_status":"closed","ping_status":"closed","template":"","meta":{"footnotes":"","_links_to":"","_links_to_target":""},"categories":[],"tags":[],"class_list":["post-3492","page","type-page","status-publish","hentry"],"_links":{"self":[{"href":"https:\/\/fondazioneunich.com\/index.php\/wp-json\/wp\/v2\/pages\/3492","targetHints":{"allow":["GET"]}}],"collection":[{"href":"https:\/\/fondazioneunich.com\/index.php\/wp-json\/wp\/v2\/pages"}],"about":[{"href":"https:\/\/fondazioneunich.com\/index.php\/wp-json\/wp\/v2\/types\/page"}],"author":[{"embeddable":true,"href":"https:\/\/fondazioneunich.com\/index.php\/wp-json\/wp\/v2\/users\/1"}],"replies":[{"embeddable":true,"href":"https:\/\/fondazioneunich.com\/index.php\/wp-json\/wp\/v2\/comments?post=3492"}],"version-history":[{"count":1,"href":"https:\/\/fondazioneunich.com\/index.php\/wp-json\/wp\/v2\/pages\/3492\/revisions"}],"predecessor-version":[{"id":3905,"href":"https:\/\/fondazioneunich.com\/index.php\/wp-json\/wp\/v2\/pages\/3492\/revisions\/3905"}],"up":[{"embeddable":true,"href":"https:\/\/fondazioneunich.com\/index.php\/wp-json\/wp\/v2\/pages\/1767"}],"wp:attachment":[{"href":"https:\/\/fondazioneunich.com\/index.php\/wp-json\/wp\/v2\/media?parent=3492"}],"wp:term":[{"taxonomy":"category","embeddable":true,"href":"https:\/\/fondazioneunich.com\/index.php\/wp-json\/wp\/v2\/categories?post=3492"},{"taxonomy":"post_tag","embeddable":true,"href":"https:\/\/fondazioneunich.com\/index.php\/wp-json\/wp\/v2\/tags?post=3492"}],"curies":[{"name":"wp","href":"https:\/\/api.w.org\/{rel}","templated":true}]}}