{"id":3845,"date":"2025-08-18T12:56:10","date_gmt":"2025-08-18T10:56:10","guid":{"rendered":"https:\/\/fondazioneunich.com\/?page_id=3845"},"modified":"2025-12-22T13:15:00","modified_gmt":"2025-12-22T12:15:00","slug":"genovesi-oscar","status":"publish","type":"page","link":"https:\/\/fondazioneunich.com\/index.php\/trasparenza\/organizzazione\/titolari-di-incarichi-politici-di-amministrazione-di-direzione-o-di-governo\/genovesi-oscar\/","title":{"rendered":"GENOVESI Oscar"},"content":{"rendered":"\n<div>\u00a0<\/div>\n<table style=\"border-collapse: collapse;\" border=\"0\" width=\"100%\" cellpadding=\"0\">\n<tbody>\n<tr>\n<td width=\"30%\"><img loading=\"lazy\" decoding=\"async\" class=\"alignnone size-full wp-image-2381\" src=\"https:\/\/fondazioneunich.com\/wp-content\/uploads\/no_photo_Uomo.jpg\" alt=\"\" width=\"235\" height=\"235\" srcset=\"https:\/\/fondazioneunich.com\/wp-content\/uploads\/no_photo_Uomo.jpg 235w, https:\/\/fondazioneunich.com\/wp-content\/uploads\/no_photo_Uomo-150x150.jpg 150w, https:\/\/fondazioneunich.com\/wp-content\/uploads\/no_photo_Uomo-160x160.jpg 160w\" sizes=\"auto, (max-width: 235px) 100vw, 235px\" \/><\/td>\n<td width=\"3%\">\u00a0<\/td>\n<td width=\"67%\">\n<p align=\"left\">DIRETTORE GENERALE <br \/><span style=\"font-size: 20px;\"><strong style=\"font-family: inherit;\">Dott. Genovesi Oscar<\/strong><\/span><\/p>\n<\/td>\n<\/tr>\n<\/tbody>\n<\/table>\n<div>\u00a0<\/div>\n<div class=\"entry themeform\">\n<div class=\"entry-inner\"><span style=\"font-size: 14px;\"><strong>Atto di nomina o di proclamazione, con l\u2019indicazione della durata dell\u2019incarico o del mandato elettivo<\/strong><\/span>\n<table style=\"border-collapse: collapse; width: 100%; height: 10px;\" border=\"1\" width=\"100%\">\n<tbody>\n<tr style=\"height: 10px;\">\n<td style=\"text-align: left; border-style: solid; border-color: #000000; background-color: #ffffff; height: 10px;\" width=\"50%\"><a href=\"https:\/\/fondazioneunich.com\/wp-content\/uploads\/2023-06-30_atto_nomina_Genovesi.pdf\" target=\"_blank\" rel=\"noopener\"><strong><span style=\"font-size: 16px;\">Atto di Nomina<\/span><\/strong><\/a><\/td>\n<td style=\"text-align: right; border-style: solid; border-color: #000000; background-color: #ffffff; height: 10px;\" width=\"50%\">30\/06\/2023<\/td>\n<\/tr>\n<\/tbody>\n<\/table>\n<\/div>\n<\/div>\n<p>\u00a0<\/p>\n<p>\u00a0<\/p>\n<div class=\"entry themeform\">\n<div class=\"entry-inner\"><span style=\"font-size: 14px;\"><strong>Curriculum Vitae<\/strong><\/span>\n<table style=\"border-collapse: collapse; width: 100%; height: 10px;\" border=\"1\" width=\"100%\">\n<tbody>\n<tr style=\"height: 10px;\">\n<td style=\"text-align: left; border-style: solid; border-color: #000000; background-color: #ffffff; height: 10px;\" width=\"50%\"><a href=\"https:\/\/fondazioneunich.com\/wp-content\/uploads\/Genovesi_cv.pdf\" target=\"_blank\" rel=\"noopener\"><strong><span style=\"font-size: 16px;\">Curriculum Vitae<\/span><\/strong><\/a><\/td>\n<td style=\"text-align: right; border-style: solid; border-color: #000000; background-color: #ffffff; height: 10px;\" width=\"50%\">Aggiornamento 2023<\/td>\n<\/tr>\n<\/tbody>\n<\/table>\n\u00a0 \u00a0<\/div>\n<\/div>\n<div>\u00a0<\/div>\n<div>\u00a0<\/div>\n<div class=\"entry themeform\">\n<div class=\"entry-inner\"><span style=\"font-size: 14px;\"><strong>Compensi di qualsiasi natura connessi all&#8217;assunzione della carica<\/strong><\/span><\/div>\n<\/div>\n<table style=\"border-collapse: collapse;\" border=\"1\" width=\"100%\">\n<tbody>\n<tr>\n<td style=\"text-align: left; border-style: solid; border-color: #000000; background-color: #ffffff;\" width=\"50%\"><span style=\"font-size: 16px;\">Compensi anno 2025<\/span><\/td>\n<td style=\"text-align: right; border-style: solid; border-color: #000000; background-color: #ffffff;\" width=\"50%\">30.000 \u20ac<\/td>\n<\/tr>\n<tr>\n<td style=\"text-align: left; border-style: solid; border-color: #000000; background-color: #ffffff;\" width=\"50%\"><span style=\"font-size: 16px;\">Compensi anno 2024<\/span><\/td>\n<td style=\"text-align: right; border-style: solid; border-color: #000000; background-color: #ffffff;\" width=\"50%\"><span style=\"font-size: 16px;\">30.000 \u20ac<\/span><\/td>\n<\/tr>\n<tr>\n<td style=\"text-align: left; border-style: solid; border-color: #000000; background-color: #ffffff;\" width=\"50%\"><span style=\"font-size: 16px;\">Compensi anno 2023<\/span><\/td>\n<td style=\"text-align: right; border-style: solid; border-color: #000000; background-color: #ffffff;\" width=\"50%\"><span style=\"font-size: 16px;\">15.000 \u20ac<\/span><\/td>\n<\/tr>\n<\/tbody>\n<\/table>\n<div>\u00a0<\/div>\n<div>\u00a0<\/div>\n<div>\u00a0<\/div>\n<div class=\"entry themeform\">\n<div class=\"entry-inner\"><span style=\"font-size: 14px;\"><strong>Importi di viaggi di servizio e missioni pagati con fondi pubblici <\/strong><\/span>\n<table style=\"border-collapse: collapse;\" border=\"1\" width=\"100%\">\n<tbody>\n<tr>\n<td style=\"text-align: left; border-style: solid; border-color: #000000; background-color: #ffffff;\">Importi di viaggio e\/o missioni anno 2025<\/td>\n<td style=\"text-align: right; border-style: solid; border-color: #000000; background-color: #ffffff;\"><span style=\"font-size: 16px;\">0 \u20ac<\/span><\/td>\n<\/tr>\n<tr>\n<td style=\"text-align: left; border-style: solid; border-color: #000000; background-color: #ffffff;\" width=\"50%\">Importi di viaggio e\/o missioni anno 2024<\/td>\n<td style=\"text-align: right; border-style: solid; border-color: #000000; background-color: #ffffff;\" width=\"50%\"><span style=\"font-size: 16px;\">0 \u20ac<\/span><\/td>\n<\/tr>\n<tr>\n<td style=\"text-align: left; border-style: solid; border-color: #000000; background-color: #ffffff;\" width=\"50%\">Importi di viaggio e\/o missioni anno 2023<\/td>\n<td style=\"text-align: right; border-style: solid; border-color: #000000; background-color: #ffffff;\" width=\"50%\"><span style=\"font-size: 16px;\">0 \u20ac<\/span><\/td>\n<\/tr>\n<\/tbody>\n<\/table>\n\u00a0 \u00a0 \u00a0<\/div>\n<\/div>\n<div>\u00a0<\/div>\n<div>\u00a0<\/div>\n<div>\u00a0<\/div>\n<div class=\"entry themeform\">\n<div class=\"entry-inner\"><span style=\"font-size: 14px;\"><strong>Altri eventuali incarichi con oneri a carico della finanza pubblica e indicazione dei compensi spettanti<\/strong><\/span><\/div>\n<\/div>\n<table style=\"width: 100%; border-collapse: collapse;\" border=\"1\">\n<tbody>\n<tr style=\"height: 24px;\">\n<td style=\"border-style: solid; border-color: #000000; background-color: #ffffff; height: 24px; text-align: left;\" width=\"50%\"><strong><span style=\"font-size: 16px;\">Importi per altri incarichi\u00a0<\/span><\/strong><\/td>\n<td style=\"border-style: solid; border-color: #000000; background-color: #ffffff; height: 24px; text-align: right;\" width=\"50%\"><span style=\"font-size: 16px;\">0 \u20ac<\/span><\/td>\n<\/tr>\n<\/tbody>\n<\/table>\n<p>\u00a0<\/p>\n<p>\u00a0<\/p>\n<div class=\"entry themeform\">\n<div class=\"entry-inner\"><span style=\"font-size: 14px;\"><strong>Dichiarazione concernente diritti reali su beni immobili e su beni mobili iscritti in pubblici registri, titolarit\u00e0 di imprese, azioni di societ\u00e0, quote di partecipazione a societ\u00e0, esercizio di funzioni di amministratore o di sindaco di societ\u00e0, con l\u2019apposizione della formula \u00absul mio onore affermo che la dichiarazione corrisponde al vero\u00bb <\/strong><\/span>\n<table style=\"border-collapse: collapse; width: 100%; height: 10px;\" border=\"1\" width=\"100%\">\n<tbody>\n<tr style=\"height: 10px;\">\n<td style=\"text-align: left; border-style: solid; border-color: #000000; background-color: #ffffff; height: 10px;\" width=\"50%\"><strong>Dichiarazione dati patrimoniali<\/strong><\/td>\n<td style=\"text-align: right; border-style: solid; border-color: #000000; background-color: #ffffff; height: 10px;\" width=\"50%\">Aggiornamento 2023<\/td>\n<\/tr>\n<\/tbody>\n<\/table>\n<\/div>\n<\/div>\n<div class=\"entry themeform\">\u00a0<\/div>\n<div>\u00a0<\/div>\n<div>\u00a0<\/div>\n<div>\u00a0<\/div>\n<div class=\"entry themeform\">\n<div class=\"entry-inner\"><span style=\"font-size: 14px;\"><b style=\"font-size: 14px;\">Copia dell\u2019ultima dichiarazione dei redditi soggetti <\/b><span style=\"font-size: 14px;\"><b>all&#8217;imposta<\/b><\/span><b style=\"font-size: 14px;\"> sui redditi delle persone fisiche<\/b><\/span>\n<table style=\"border-collapse: collapse; width: 100%; height: 10px;\" border=\"1\" width=\"100%\">\n<tbody>\n<tr style=\"height: 10px;\">\n<td style=\"text-align: left; border-style: solid; border-color: #000000; background-color: #ffffff; height: 10px;\" width=\"50%\"><strong>Persone Fisiche\u00a0<\/strong><\/td>\n<td style=\"text-align: right; border-style: solid; border-color: #000000; background-color: #ffffff; height: 10px;\" width=\"50%\">\n<div class=\"entry themeform\">\n<div class=\"entry-inner\">\n<table style=\"border-collapse: collapse; width: 100%; height: 10px;\" border=\"1\" width=\"100%\">\n<tbody>\n<tr style=\"height: 10px;\">\n<td style=\"text-align: right; border-style: solid; border-color: #000000; background-color: #ffffff; height: 10px;\" width=\"50%\">Aggiornamento 2023<\/td>\n<\/tr>\n<\/tbody>\n<\/table>\n<\/div>\n<\/div>\n<\/td>\n<\/tr>\n<\/tbody>\n<\/table>\n\u00a0 \u00a0<\/div>\n<\/div>\n<div>\u00a0<\/div>\n<div>\u00a0<\/div>\n<div class=\"entry themeform\">\n<div class=\"entry-inner\"><span style=\"font-size: 14px;\"><b>Attestazione concernente le variazioni della situazione patrimoniale intervenute nell&#8217;anno precedente e copia della dichiarazione dei redditi<\/b><\/span>\n<table style=\"border-collapse: collapse; width: 100%; height: 10px;\" border=\"1\" width=\"100%\">\n<tbody>\n<tr style=\"height: 10px;\">\n<td style=\"text-align: left; border-style: solid; border-color: #000000; background-color: #ffffff; height: 10px;\" width=\"50%\"><strong>Dichiarazione variazioni dati patrimoniali<\/strong><\/td>\n<td style=\"text-align: right; border-style: solid; border-color: #000000; background-color: #ffffff; height: 10px;\" width=\"50%\">Aggiornamento 2023<\/td>\n<\/tr>\n<\/tbody>\n<\/table>\n<\/div>\n<\/div>\n","protected":false},"excerpt":{"rendered":"<p>\u00a0 \u00a0 DIRETTORE GENERALE Dott. Genovesi Oscar \u00a0 Atto di nomina o di proclamazione, con l\u2019indicazione della durata dell\u2019incarico o del mandato elettivo Atto di Nomina 30\/06\/2023 \u00a0 \u00a0 Curriculum Vitae Curriculum Vitae Aggiornamento&#46;&#46;&#46;<\/p>\n","protected":false},"author":1,"featured_media":0,"parent":1767,"menu_order":0,"comment_status":"closed","ping_status":"closed","template":"","meta":{"footnotes":"","_links_to":"","_links_to_target":""},"categories":[],"tags":[],"class_list":["post-3845","page","type-page","status-publish","hentry"],"_links":{"self":[{"href":"https:\/\/fondazioneunich.com\/index.php\/wp-json\/wp\/v2\/pages\/3845","targetHints":{"allow":["GET"]}}],"collection":[{"href":"https:\/\/fondazioneunich.com\/index.php\/wp-json\/wp\/v2\/pages"}],"about":[{"href":"https:\/\/fondazioneunich.com\/index.php\/wp-json\/wp\/v2\/types\/page"}],"author":[{"embeddable":true,"href":"https:\/\/fondazioneunich.com\/index.php\/wp-json\/wp\/v2\/users\/1"}],"replies":[{"embeddable":true,"href":"https:\/\/fondazioneunich.com\/index.php\/wp-json\/wp\/v2\/comments?post=3845"}],"version-history":[{"count":0,"href":"https:\/\/fondazioneunich.com\/index.php\/wp-json\/wp\/v2\/pages\/3845\/revisions"}],"up":[{"embeddable":true,"href":"https:\/\/fondazioneunich.com\/index.php\/wp-json\/wp\/v2\/pages\/1767"}],"wp:attachment":[{"href":"https:\/\/fondazioneunich.com\/index.php\/wp-json\/wp\/v2\/media?parent=3845"}],"wp:term":[{"taxonomy":"category","embeddable":true,"href":"https:\/\/fondazioneunich.com\/index.php\/wp-json\/wp\/v2\/categories?post=3845"},{"taxonomy":"post_tag","embeddable":true,"href":"https:\/\/fondazioneunich.com\/index.php\/wp-json\/wp\/v2\/tags?post=3845"}],"curies":[{"name":"wp","href":"https:\/\/api.w.org\/{rel}","templated":true}]}}